{"id":138,"date":"2026-04-13T14:14:08","date_gmt":"2026-04-13T14:14:08","guid":{"rendered":"https:\/\/kerstin-krug.de\/?page_id=138"},"modified":"2026-04-13T14:19:21","modified_gmt":"2026-04-13T14:19:21","slug":"baustelle","status":"publish","type":"page","link":"https:\/\/kerstin-krug.de\/","title":{"rendered":"Baustelle"},"content":{"rendered":"<p>[et_pb_section fb_built=&#8220;1&#8243; _builder_version=&#8220;4.27.6&#8243; _module_preset=&#8220;default&#8220; custom_padding=&#8220;||0px||false|false&#8220; hover_enabled=&#8220;0&#8243; global_colors_info=&#8220;{}&#8220; theme_builder_area=&#8220;post_content&#8220; title_text=&#8220;Kerstin-Krug-beiger-BG-rechts&#8220; background_image=&#8220;https:\/\/kerstin-krug.de\/wp-content\/uploads\/2026\/04\/Kerstin-Krug-beiger-BG-rechts.jpg&#8220; sticky_enabled=&#8220;0&#8243; use_background_color_gradient=&#8220;on&#8220; background_color_gradient_stops=&#8220;rgba(248,238,228,0) 83%|#f8eee4 100%&#8220; background_color_gradient_overlays_image=&#8220;on&#8220;][et_pb_row _builder_version=&#8220;4.27.6&#8243; _module_preset=&#8220;default&#8220; global_colors_info=&#8220;{}&#8220; theme_builder_area=&#8220;post_content&#8220;][et_pb_column type=&#8220;4_4&#8243; _builder_version=&#8220;4.27.6&#8243; _module_preset=&#8220;default&#8220; global_colors_info=&#8220;{}&#8220; theme_builder_area=&#8220;post_content&#8220;][et_pb_image src=&#8220;https:\/\/kerstin-krug.de\/wp-content\/uploads\/2026\/04\/Portrait-Kerstin-Krug_Kreis-1.png&#8220; title_text=&#8220;Portrait-Kerstin-Krug_Kreis-1&#8243; _builder_version=&#8220;4.27.6&#8243; _module_preset=&#8220;default&#8220; animation_style=&#8220;slide&#8220; animation_intensity_slide=&#8220;10%&#8220; hover_enabled=&#8220;0&#8243; global_colors_info=&#8220;{}&#8220; theme_builder_area=&#8220;post_content&#8220; align=&#8220;center&#8220; sticky_enabled=&#8220;0&#8243;][\/et_pb_image][et_pb_image src=&#8220;https:\/\/kerstin-krug.de\/wp-content\/uploads\/2026\/04\/Kerstin-Krug_Logo_farbig_web.png&#8220; title_text=&#8220;Kerstin-Krug_Logo_farbig_web&#8220; _builder_version=&#8220;4.27.6&#8243; _module_preset=&#8220;default&#8220; max_width=&#8220;400px&#8220; custom_margin=&#8220;||||false|false&#8220; hover_enabled=&#8220;0&#8243; global_colors_info=&#8220;{}&#8220; theme_builder_area=&#8220;post_content&#8220; align=&#8220;center&#8220; module_alignment=&#8220;center&#8220; sticky_enabled=&#8220;0&#8243;][\/et_pb_image][et_pb_text _builder_version=&#8220;4.27.6&#8243; _module_preset=&#8220;default&#8220; text_orientation=&#8220;center&#8220; hover_enabled=&#8220;0&#8243; global_colors_info=&#8220;{}&#8220; theme_builder_area=&#8220;post_content&#8220; sticky_enabled=&#8220;0&#8243;]<\/p>\n<h3>Hier entsteht aktuell etwas Neues &#8230;<\/h3>\n<p data-start=\"791\" data-end=\"991\">Meine Webseite befindet sich gerade im Aufbau. Mit der neuen Gestaltung m\u00f6chte ich meine Arbeit noch klarer sichtbar machen \u2013 f\u00fcr Menschen und Organisationen, die Entwicklung bewusst gestalten m\u00f6chten.<\/p>\n<p data-start=\"993\" data-end=\"1096\"><strong>Wenn Sie Fragen haben oder bereits jetzt Kontakt aufnehmen m\u00f6chten, erreichen Sie mich gerne jederzeit.<\/strong><\/p>\n<p>[\/et_pb_text][et_pb_text _builder_version=&#8220;4.27.6&#8243; _module_preset=&#8220;default&#8220; hover_enabled=&#8220;0&#8243; global_colors_info=&#8220;{}&#8220; theme_builder_area=&#8220;post_content&#8220; text_orientation=&#8220;center&#8220; sticky_enabled=&#8220;0&#8243;]<\/p>\n<p><span style=\"color: #9d6690;\"><strong>Kerstin Krug<\/strong><\/span><\/p>\n<p>Am Oberfeld 35a \u00a0| 35606 Solms<br \/>Mobil: 0177-676 81 88 \u00a0| E-Mail: info@kerstin-krug.de<\/p>\n<p>[\/et_pb_text][et_pb_button button_url=&#8220;mailto:info@kerstin-krug.de&#8220; button_text=&#8220;E-Mail senden&#8220; _builder_version=&#8220;4.27.6&#8243; _module_preset=&#8220;default&#8220; hover_enabled=&#8220;0&#8243; global_colors_info=&#8220;{}&#8220; theme_builder_area=&#8220;post_content&#8220; button_alignment=&#8220;center&#8220; sticky_enabled=&#8220;0&#8243;][\/et_pb_button][\/et_pb_column][\/et_pb_row][\/et_pb_section][et_pb_section fb_built=&#8220;1&#8243; custom_padding_last_edited=&#8220;on|phone&#8220; _builder_version=&#8220;4.27.6&#8243; _module_preset=&#8220;default&#8220; use_background_color_gradient=&#8220;on&#8220; background_color_gradient_stops=&#8220;rgba(157,102,144,0.87) 0%|rgba(157,102,144,0.76) 99%&#8220; background_color_gradient_overlays_image=&#8220;on&#8220; background_image=&#8220;https:\/\/kerstin-krug.de\/wp-content\/uploads\/2026\/04\/Kerstin-Krug_BG-Foto-1.jpg&#8220; parallax=&#8220;on&#8220; custom_padding=&#8220;100px||60px||false|false&#8220; custom_padding_tablet=&#8220;80px||40px||false|false&#8220; custom_padding_phone=&#8220;50px||30px||false|false&#8220; top_divider_style=&#8220;wave&#8220; top_divider_color=&#8220;#F8EEE4&#8243; top_divider_height_tablet=&#8220;60px&#8220; top_divider_height_phone=&#8220;40px&#8220; top_divider_height_last_edited=&#8220;on|phone&#8220; global_colors_info=&#8220;{}&#8220; theme_builder_area=&#8220;post_content&#8220;][et_pb_row _builder_version=&#8220;4.27.6&#8243; _module_preset=&#8220;default&#8220; global_colors_info=&#8220;{}&#8220; theme_builder_area=&#8220;post_content&#8220;][et_pb_column type=&#8220;4_4&#8243; _builder_version=&#8220;4.27.6&#8243; _module_preset=&#8220;default&#8220; global_colors_info=&#8220;{}&#8220; theme_builder_area=&#8220;post_content&#8220;][et_pb_text _builder_version=&#8220;4.27.6&#8243; _module_preset=&#8220;default&#8220; header_3_line_height=&#8220;1.2em&#8220; text_orientation=&#8220;center&#8220; background_layout=&#8220;dark&#8220; custom_css_main_element=&#8220;h3 {||  font-family: &#8218;Handschrift&#8216;, sans-serif;||  font-weight: 700;||  font-size:80px;||  line-height: 1;||||}&#8220; global_colors_info=&#8220;{}&#8220; custom_css_main_element_last_edited=&#8220;on|tablet&#8220; custom_css_main_element_tablet=&#8220;h3 {||  font-family: &#8218;Handschrift&#8216;, sans-serif;||  font-weight: 700;||  font-size:70px;||  line-height: 0.8;||||}&#8220; custom_css_main_element_phone=&#8220;h3 {||  font-family: &#8218;Handschrift&#8216;, sans-serif;||  font-weight: 700;||  font-size:60px;||  line-height: 0.8;||||}&#8220; theme_builder_area=&#8220;post_content&#8220;]<\/p>\n<h3>Fange nie an aufzuh\u00f6ren und h\u00f6re nie auf anzufangen.<\/h3>\n<p>Marcus Tullius Cicero<\/p>\n<p>[\/et_pb_text][\/et_pb_column][\/et_pb_row][\/et_pb_section]<\/p>\n","protected":false},"excerpt":{"rendered":"<p>Hier entsteht aktuell etwas Neues &#8230; Meine Webseite befindet sich gerade im Aufbau. Mit der neuen Gestaltung m\u00f6chte ich meine Arbeit noch klarer sichtbar machen \u2013 f\u00fcr Menschen und Organisationen, die Entwicklung bewusst gestalten m\u00f6chten. Wenn Sie Fragen haben oder bereits jetzt Kontakt aufnehmen m\u00f6chten, erreichen Sie mich gerne jederzeit.Kerstin Krug Am Oberfeld 35a \u00a0| [&hellip;]<\/p>\n","protected":false},"author":1,"featured_media":0,"parent":0,"menu_order":0,"comment_status":"closed","ping_status":"closed","template":"","meta":{"_et_pb_use_builder":"on","_et_pb_old_content":"","_et_gb_content_width":"","footnotes":""},"class_list":["post-138","page","type-page","status-publish","hentry"],"_links":{"self":[{"href":"https:\/\/kerstin-krug.de\/index.php\/wp-json\/wp\/v2\/pages\/138","targetHints":{"allow":["GET"]}}],"collection":[{"href":"https:\/\/kerstin-krug.de\/index.php\/wp-json\/wp\/v2\/pages"}],"about":[{"href":"https:\/\/kerstin-krug.de\/index.php\/wp-json\/wp\/v2\/types\/page"}],"author":[{"embeddable":true,"href":"https:\/\/kerstin-krug.de\/index.php\/wp-json\/wp\/v2\/users\/1"}],"replies":[{"embeddable":true,"href":"https:\/\/kerstin-krug.de\/index.php\/wp-json\/wp\/v2\/comments?post=138"}],"version-history":[{"count":6,"href":"https:\/\/kerstin-krug.de\/index.php\/wp-json\/wp\/v2\/pages\/138\/revisions"}],"predecessor-version":[{"id":144,"href":"https:\/\/kerstin-krug.de\/index.php\/wp-json\/wp\/v2\/pages\/138\/revisions\/144"}],"wp:attachment":[{"href":"https:\/\/kerstin-krug.de\/index.php\/wp-json\/wp\/v2\/media?parent=138"}],"curies":[{"name":"wp","href":"https:\/\/api.w.org\/{rel}","templated":true}]}}